{"id":166,"date":"2020-04-08T12:38:14","date_gmt":"2020-04-08T12:38:14","guid":{"rendered":"http:\/\/localhost:8080\/lutte-aigle\/?page_id=166"},"modified":"2025-07-10T13:18:22","modified_gmt":"2025-07-10T13:18:22","slug":"contact","status":"publish","type":"page","link":"https:\/\/lutteurs-aigle.ch\/?page_id=166","title":{"rendered":"Contact"},"content":{"rendered":"<div id=\"themify_builder_content-166\" data-postid=\"166\" class=\"themify_builder_content themify_builder_content-166 themify_builder\">\n    \t<!-- module_row -->\n\t<div  class=\"themify_builder_row module_row clearfix module_row_0 themify_builder_166_row module_row_166-0 tb_ks6v937\">\n\t    \t    <div class=\"row_inner col_align_top\" >\n\t\t\t<div  class=\"module_column tb-column col-full first tb_166_column module_column_0 module_column_166-0-0 tb_jbt5938\">\n\t    \t    \t        <div class=\"tb-column-inner\">\n\t\t    <!-- module plain text -->\n<div  class=\"module module-plain-text tb_kbbz938  \">\n        <div class=\"tb_text_wrap\" >\n\tNous contacter    <\/div>\n<\/div>\n<!-- \/module plain text --><!-- module text -->\n<div  class=\"module module-text tb_zhhu939    \">\n            <div  class=\"tb_text_wrap\">\n    <p class=\"paragraph_style_1\">S\u00e9bastien Vauthey, Pr\u00e9sident<\/p>\n<p>024 466 13 05<\/p>\n<p class=\"paragraph_style_1\">Harald Cropt, Entra\u00eeneur<\/p>\n<p class=\"paragraph_style_1\">079 209 10 03<\/p>\n<p class=\"paragraph_style_1\">Yoann Sauge, Secr\u00e9taire<\/p>\n<p>079 442 82 58<\/p>\n<p>Eric Borloz, Caissier<\/p>\n<p>079 393 89 83<\/p>\n<p>Nicolas Olloz, Responsable m\u00e9dias<\/p>\n<p>079 663 71 56<\/p>    <\/div>\n<\/div>\n<!-- \/module text -->\n\t        <\/div>\n\t    \t<\/div>\n\t\t    <\/div>\n\t    <!-- \/row_inner -->\n\t<\/div>\n\t<!-- \/module_row -->\n\t<\/div>\n","protected":false},"excerpt":{"rendered":"<p>Nous contacter S\u00e9bastien Vauthey, Pr\u00e9sident 024 466 13 05 Harald Cropt, Entra\u00eeneur 079 209 10 03 Yoann Sauge, Secr\u00e9taire 079 442 82 58 Eric Borloz, Caissier 079 393 89 83 Nicolas Olloz, Responsable m\u00e9dias 079 663 71 56<\/p>\n","protected":false},"author":1,"featured_media":0,"parent":0,"menu_order":0,"comment_status":"closed","ping_status":"closed","template":"","meta":[],"builder_content":"Nous contacter\n<p>S\u00e9bastien Vauthey, Pr\u00e9sident<\/p> <p>024 466 13 05<\/p> <p>Harald Cropt, Entra\u00eeneur<\/p> <p>079 209 10 03<\/p> <p>Yoann Sauge, Secr\u00e9taire<\/p> <p>079 442 82 58<\/p> <p>Eric Borloz, Caissier<\/p> <p>079 393 89 83<\/p> <p>Nicolas Olloz, Responsable m\u00e9dias<\/p> <p>079 663 71 56<\/p>","_links":{"self":[{"href":"https:\/\/lutteurs-aigle.ch\/index.php?rest_route=\/wp\/v2\/pages\/166"}],"collection":[{"href":"https:\/\/lutteurs-aigle.ch\/index.php?rest_route=\/wp\/v2\/pages"}],"about":[{"href":"https:\/\/lutteurs-aigle.ch\/index.php?rest_route=\/wp\/v2\/types\/page"}],"author":[{"embeddable":true,"href":"https:\/\/lutteurs-aigle.ch\/index.php?rest_route=\/wp\/v2\/users\/1"}],"replies":[{"embeddable":true,"href":"https:\/\/lutteurs-aigle.ch\/index.php?rest_route=%2Fwp%2Fv2%2Fcomments&post=166"}],"version-history":[{"count":5,"href":"https:\/\/lutteurs-aigle.ch\/index.php?rest_route=\/wp\/v2\/pages\/166\/revisions"}],"predecessor-version":[{"id":1131,"href":"https:\/\/lutteurs-aigle.ch\/index.php?rest_route=\/wp\/v2\/pages\/166\/revisions\/1131"}],"wp:attachment":[{"href":"https:\/\/lutteurs-aigle.ch\/index.php?rest_route=%2Fwp%2Fv2%2Fmedia&parent=166"}],"curies":[{"name":"wp","href":"https:\/\/api.w.org\/{rel}","templated":true}]}}